{"id":8959,"date":"2026-04-07T15:35:04","date_gmt":"2026-04-07T15:35:04","guid":{"rendered":"https:\/\/sfdumitru.org\/?page_id=8959"},"modified":"2026-04-10T03:35:46","modified_gmt":"2026-04-10T03:35:46","slug":"visitor-guide","status":"publish","type":"page","link":"https:\/\/sfdumitru.org\/ro\/visitor-guide\/","title":{"rendered":"Ghidul pelerinului"},"content":{"rendered":"<div data-elementor-type=\"wp-page\" data-elementor-id=\"8959\" class=\"elementor elementor-8959\" data-elementor-settings=\"[]\">\n\t\t\t\t\t\t<div class=\"elementor-inner\">\n\t\t\t\t\t\t\t<div class=\"elementor-section-wrap\">\n\t\t\t\t\t\t\t<section class=\"elementor-section elementor-top-section elementor-element elementor-element-b54c926 elementor-section-boxed elementor-section-height-default elementor-section-height-default\" data-id=\"b54c926\" data-element_type=\"section\">\n\t\t\t\t\t\t<div class=\"elementor-container elementor-column-gap-default\">\n\t\t\t\t\t\t\t<div class=\"elementor-row\">\n\t\t\t\t\t<div class=\"elementor-column elementor-col-100 elementor-top-column elementor-element elementor-element-39ffb83\" data-id=\"39ffb83\" data-element_type=\"column\">\n\t\t\t<div class=\"elementor-column-wrap elementor-element-populated\">\n\t\t\t\t\t\t\t<div class=\"elementor-widget-wrap\">\n\t\t\t\t\t\t<div class=\"elementor-element elementor-element-d7a0f8a elementor-widget elementor-widget-image\" data-id=\"d7a0f8a\" data-element_type=\"widget\" data-widget_type=\"image.default\">\n\t\t\t\t<div class=\"elementor-widget-container\">\n\t\t\t\t\t\t\t\t<div class=\"elementor-image\">\n\t\t\t\t\t\t\t\t\t\t\t\t<img loading=\"lazy\" decoding=\"async\" width=\"2400\" height=\"1350\" src=\"https:\/\/sfdumitru.org\/wordpress\/wp-content\/uploads\/2023\/11\/hram_oct23_slideshow_2.jpg\" class=\"attachment-full size-full\" alt=\"\" srcset=\"https:\/\/sfdumitru.org\/wordpress\/wp-content\/uploads\/2023\/11\/hram_oct23_slideshow_2.jpg 2400w, https:\/\/sfdumitru.org\/wordpress\/wp-content\/uploads\/2023\/11\/hram_oct23_slideshow_2-300x169.jpg 300w, https:\/\/sfdumitru.org\/wordpress\/wp-content\/uploads\/2023\/11\/hram_oct23_slideshow_2-1024x576.jpg 1024w, https:\/\/sfdumitru.org\/wordpress\/wp-content\/uploads\/2023\/11\/hram_oct23_slideshow_2-768x432.jpg 768w, https:\/\/sfdumitru.org\/wordpress\/wp-content\/uploads\/2023\/11\/hram_oct23_slideshow_2-1536x864.jpg 1536w, https:\/\/sfdumitru.org\/wordpress\/wp-content\/uploads\/2023\/11\/hram_oct23_slideshow_2-2048x1152.jpg 2048w, https:\/\/sfdumitru.org\/wordpress\/wp-content\/uploads\/2023\/11\/hram_oct23_slideshow_2-18x10.jpg 18w, https:\/\/sfdumitru.org\/wordpress\/wp-content\/uploads\/2023\/11\/hram_oct23_slideshow_2-800x450.jpg 800w\" sizes=\"auto, (max-width: 2400px) 100vw, 2400px\" \/>\t\t\t\t\t\t\t\t\t\t\t\t\t\t<\/div>\n\t\t\t\t\t\t<\/div>\n\t\t\t\t<\/div>\n\t\t\t\t<div class=\"elementor-element elementor-element-7f044c8 elementor-widget elementor-widget-heading\" data-id=\"7f044c8\" data-element_type=\"widget\" data-widget_type=\"heading.default\">\n\t\t\t\t<div class=\"elementor-widget-container\">\n\t\t\t<h2 class=\"elementor-heading-title elementor-size-default\">Bun venit<\/h2>\t\t<\/div>\n\t\t\t\t<\/div>\n\t\t\t\t<div class=\"elementor-element elementor-element-e3a8a49 elementor-widget elementor-widget-text-editor\" data-id=\"e3a8a49\" data-element_type=\"widget\" data-widget_type=\"text-editor.default\">\n\t\t\t\t<div class=\"elementor-widget-container\">\n\t\t\t\t\t\t\t\t<div class=\"elementor-text-editor elementor-clearfix\">\n\t\t\t\t\t<p>Bine a\u021bi venit la m\u0103n\u0103stirea noastr\u0103. M\u0103n\u0103stirea este un loc sf\u00e2nt unde monahii \u00ee\u0219i petrec via\u021ba \u00een rug\u0103ciune \u0219i ascultare. Aici venim pentru a ne reculege, a ne ruga \u0219i a ne apropia de Dumnezeu. De aceea v\u0103 rug\u0103m s\u0103 respecta\u021bi \u0219i s\u0103 contribui\u021bi la duhul de pace \u0219i rug\u0103ciune al acestui loc prin respectarea acestor \u00eendrum\u0103ri.<\/p>\t\t\t\t\t<\/div>\n\t\t\t\t\t\t<\/div>\n\t\t\t\t<\/div>\n\t\t\t\t<div class=\"elementor-element elementor-element-d4815e0 elementor-widget-divider--view-line elementor-widget elementor-widget-divider\" data-id=\"d4815e0\" data-element_type=\"widget\" data-widget_type=\"divider.default\">\n\t\t\t\t<div class=\"elementor-widget-container\">\n\t\t\t\t\t<div class=\"elementor-divider\">\n\t\t\t<span class=\"elementor-divider-separator\">\n\t\t\t\t\t\t<\/span>\n\t\t<\/div>\n\t\t\t\t<\/div>\n\t\t\t\t<\/div>\n\t\t\t\t\t\t<\/div>\n\t\t\t\t\t<\/div>\n\t\t<\/div>\n\t\t\t\t\t\t\t\t<\/div>\n\t\t\t\t\t<\/div>\n\t\t<\/section>\n\t\t\t\t<section class=\"elementor-section elementor-top-section elementor-element elementor-element-2022eb5 elementor-section-boxed elementor-section-height-default elementor-section-height-default\" data-id=\"2022eb5\" data-element_type=\"section\">\n\t\t\t\t\t\t<div class=\"elementor-container elementor-column-gap-default\">\n\t\t\t\t\t\t\t<div class=\"elementor-row\">\n\t\t\t\t\t<div class=\"elementor-column elementor-col-100 elementor-top-column elementor-element elementor-element-6519778\" data-id=\"6519778\" data-element_type=\"column\">\n\t\t\t<div class=\"elementor-column-wrap elementor-element-populated\">\n\t\t\t\t\t\t\t<div class=\"elementor-widget-wrap\">\n\t\t\t\t\t\t<div class=\"elementor-element elementor-element-f6704a1 elementor-widget elementor-widget-heading\" data-id=\"f6704a1\" data-element_type=\"widget\" data-widget_type=\"heading.default\">\n\t\t\t\t<div class=\"elementor-widget-container\">\n\t\t\t<h2 class=\"elementor-heading-title elementor-size-default\">Planificarea vizitei<\/h2>\t\t<\/div>\n\t\t\t\t<\/div>\n\t\t\t\t<div class=\"elementor-element elementor-element-7843fbf elementor-widget elementor-widget-text-editor\" data-id=\"7843fbf\" data-element_type=\"widget\" data-widget_type=\"text-editor.default\">\n\t\t\t\t<div class=\"elementor-widget-container\">\n\t\t\t\t\t\t\t\t<div class=\"elementor-text-editor elementor-clearfix\">\n\t\t\t\t\t<p>Dac\u0103 ave\u021bi \u00eentreb\u0103ri referitoare la vizitarea m\u0103n\u0103stirii sau dac\u0103 dori\u021bi cazare peste noapte, \u00eel pute\u021bi contacta pe p\u0103rintele arhondar.<\/p><p style=\"text-align: center;\">Ieromonah Iacob<br \/>SMS: 248-659-7198<br \/>E-mail: casa@sfdumitru.org<\/p>\t\t\t\t\t<\/div>\n\t\t\t\t\t\t<\/div>\n\t\t\t\t<\/div>\n\t\t\t\t<div class=\"elementor-element elementor-element-7cb8c75 elementor-widget-divider--view-line elementor-widget elementor-widget-divider\" data-id=\"7cb8c75\" data-element_type=\"widget\" data-widget_type=\"divider.default\">\n\t\t\t\t<div class=\"elementor-widget-container\">\n\t\t\t\t\t<div class=\"elementor-divider\">\n\t\t\t<span class=\"elementor-divider-separator\">\n\t\t\t\t\t\t<\/span>\n\t\t<\/div>\n\t\t\t\t<\/div>\n\t\t\t\t<\/div>\n\t\t\t\t\t\t<\/div>\n\t\t\t\t\t<\/div>\n\t\t<\/div>\n\t\t\t\t\t\t\t\t<\/div>\n\t\t\t\t\t<\/div>\n\t\t<\/section>\n\t\t\t\t<section class=\"elementor-section elementor-top-section elementor-element elementor-element-df86183 elementor-section-boxed elementor-section-height-default elementor-section-height-default\" data-id=\"df86183\" data-element_type=\"section\">\n\t\t\t\t\t\t<div class=\"elementor-container elementor-column-gap-default\">\n\t\t\t\t\t\t\t<div class=\"elementor-row\">\n\t\t\t\t\t<div class=\"elementor-column elementor-col-100 elementor-top-column elementor-element elementor-element-50e643e\" data-id=\"50e643e\" data-element_type=\"column\">\n\t\t\t<div class=\"elementor-column-wrap elementor-element-populated\">\n\t\t\t\t\t\t\t<div class=\"elementor-widget-wrap\">\n\t\t\t\t\t\t<div class=\"elementor-element elementor-element-1e81776 elementor-widget elementor-widget-heading\" data-id=\"1e81776\" data-element_type=\"widget\" data-widget_type=\"heading.default\">\n\t\t\t\t<div class=\"elementor-widget-container\">\n\t\t\t<h2 class=\"elementor-heading-title elementor-size-default\">\u021ainut\u0103 decent\u0103<\/h2>\t\t<\/div>\n\t\t\t\t<\/div>\n\t\t\t\t<div class=\"elementor-element elementor-element-8221429 elementor-widget elementor-widget-text-editor\" data-id=\"8221429\" data-element_type=\"widget\" data-widget_type=\"text-editor.default\">\n\t\t\t\t<div class=\"elementor-widget-container\">\n\t\t\t\t\t\t\t\t<div class=\"elementor-text-editor elementor-clearfix\">\n\t\t\t\t\t<p>V\u0103 rug\u0103m s\u0103 purta\u021bi haine modeste pe teritoriul m\u0103n\u0103stirii pe toat\u0103 durata vizitei.<\/p><p class=\" translation-block\"><strong>B\u0103rba\u021bi.<\/strong> Rug\u0103m pe b\u0103rba\u021bi s\u0103 poarte pantaloni lungi, c\u0103m\u0103\u0219i cu m\u00e2nec\u0103 lung\u0103 \u0219i ciorapi. De asemenea, s\u0103 aib\u0103 capul descoperit \u00een biseric\u0103.<\/p><p class=\" translation-block\"><strong>Femei.<\/strong> Rug\u0103m pe femei s\u0103 aib\u0103 capul acoperit \u0219i s\u0103 poarte fuste lungi \u0219i largi, bluze largi cu m\u00e2nec\u0103 lung\u0103, acoperite p\u00e2n\u0103 la g\u00e2t \u0219i ciorapi. De asemenea, s\u0103 \u00eendep\u0103rteze machiajul \u00eenainte de a s\u0103ruta icoanele sau de a primi Sf\u00e2nta \u00cemp\u0103rt\u0103\u0219anie.<\/p><p class=\" translation-block\"><strong>To\u021bi.<\/strong> V\u0103 rug\u0103m s\u0103 evita\u021bi urm\u0103toarele: purtarea unei \u021binute cu cuvinte sau imagini nepotrivite, purtarea piercing-urilor vizibile, precum \u0219i utilizarea parfumurilor sau a coloniilor \u00een exces.<\/p>\t\t\t\t\t<\/div>\n\t\t\t\t\t\t<\/div>\n\t\t\t\t<\/div>\n\t\t\t\t<div class=\"elementor-element elementor-element-41957da elementor-widget-divider--view-line elementor-widget elementor-widget-divider\" data-id=\"41957da\" data-element_type=\"widget\" data-widget_type=\"divider.default\">\n\t\t\t\t<div class=\"elementor-widget-container\">\n\t\t\t\t\t<div class=\"elementor-divider\">\n\t\t\t<span class=\"elementor-divider-separator\">\n\t\t\t\t\t\t<\/span>\n\t\t<\/div>\n\t\t\t\t<\/div>\n\t\t\t\t<\/div>\n\t\t\t\t\t\t<\/div>\n\t\t\t\t\t<\/div>\n\t\t<\/div>\n\t\t\t\t\t\t\t\t<\/div>\n\t\t\t\t\t<\/div>\n\t\t<\/section>\n\t\t\t\t<section class=\"elementor-section elementor-top-section elementor-element elementor-element-d3cb311 elementor-section-boxed elementor-section-height-default elementor-section-height-default\" data-id=\"d3cb311\" data-element_type=\"section\">\n\t\t\t\t\t\t<div class=\"elementor-container elementor-column-gap-default\">\n\t\t\t\t\t\t\t<div class=\"elementor-row\">\n\t\t\t\t\t<div class=\"elementor-column elementor-col-100 elementor-top-column elementor-element elementor-element-d6db99c\" data-id=\"d6db99c\" data-element_type=\"column\">\n\t\t\t<div class=\"elementor-column-wrap elementor-element-populated\">\n\t\t\t\t\t\t\t<div class=\"elementor-widget-wrap\">\n\t\t\t\t\t\t<div class=\"elementor-element elementor-element-ae446b6 elementor-widget elementor-widget-heading\" data-id=\"ae446b6\" data-element_type=\"widget\" data-widget_type=\"heading.default\">\n\t\t\t\t<div class=\"elementor-widget-container\">\n\t\t\t<h2 class=\"elementor-heading-title elementor-size-default\">Sf\u00e2nta \u00cemp\u0103rt\u0103\u0219anie<\/h2>\t\t<\/div>\n\t\t\t\t<\/div>\n\t\t\t\t<div class=\"elementor-element elementor-element-f83c87b elementor-widget elementor-widget-text-editor\" data-id=\"f83c87b\" data-element_type=\"widget\" data-widget_type=\"text-editor.default\">\n\t\t\t\t<div class=\"elementor-widget-container\">\n\t\t\t\t\t\t\t\t<div class=\"elementor-text-editor elementor-clearfix\">\n\t\t\t\t\t<p>Sf\u00e2nta \u00cemp\u0103rt\u0103\u0219anie este Cinstitul \u0219i Preacuratul Trup \u0219i S\u00e2nge al Domnului nostru Iisus Hristos. Rug\u0103m cu respect pe to\u021bi pelerinii cre\u0219tin-ortodoc\u0219i care \u00ee\u0219i doresc s\u0103 primeasc\u0103 Sfintele Taine s\u0103 se preg\u0103teasc\u0103 astfel:<\/p><ul><li>S\u0103 aib\u0103 binecuv\u00e2ntarea p\u0103rintelui duhovnic.<\/li><li class=\" translation-block\">S\u0103 fie spovedi\u021bi cur\u00e2nd \u00eenainte de a vizita. <em>(Pentru a v\u0103 spovedi la m\u0103n\u0103stire, anun\u021ba\u021bi pe p\u0103rintele arhondar din timp.)<\/em><\/li><li>S\u0103 nu m\u0103n\u00e2nce \u0219i s\u0103 nu bea nimic de la miezul nop\u021bii.<\/li><li>S\u0103 citeasc\u0103 rug\u0103ciunile \u00eenainte de Sf\u00e2nta \u00cemp\u0103rt\u0103\u0219anie.<\/li><li>S\u0103-l anun\u021be din timp pe p\u0103rintele arhondar, legat de inten\u021bia de a primi Sf\u00e2nta \u00cemp\u0103rt\u0103\u0219anie.<\/li><\/ul><p>Pentru \u00eentreb\u0103ri legate de aceste instruc\u021biuni, contacta\u021bi pe p\u0103rintele arhondar.<\/p>\t\t\t\t\t<\/div>\n\t\t\t\t\t\t<\/div>\n\t\t\t\t<\/div>\n\t\t\t\t<div class=\"elementor-element elementor-element-138c9cd elementor-widget-divider--view-line elementor-widget elementor-widget-divider\" data-id=\"138c9cd\" data-element_type=\"widget\" data-widget_type=\"divider.default\">\n\t\t\t\t<div class=\"elementor-widget-container\">\n\t\t\t\t\t<div class=\"elementor-divider\">\n\t\t\t<span class=\"elementor-divider-separator\">\n\t\t\t\t\t\t<\/span>\n\t\t<\/div>\n\t\t\t\t<\/div>\n\t\t\t\t<\/div>\n\t\t\t\t\t\t<\/div>\n\t\t\t\t\t<\/div>\n\t\t<\/div>\n\t\t\t\t\t\t\t\t<\/div>\n\t\t\t\t\t<\/div>\n\t\t<\/section>\n\t\t\t\t<section class=\"elementor-section elementor-top-section elementor-element elementor-element-8b6d80f elementor-section-boxed elementor-section-height-default elementor-section-height-default\" data-id=\"8b6d80f\" data-element_type=\"section\">\n\t\t\t\t\t\t<div class=\"elementor-container elementor-column-gap-default\">\n\t\t\t\t\t\t\t<div class=\"elementor-row\">\n\t\t\t\t\t<div class=\"elementor-column elementor-col-100 elementor-top-column elementor-element elementor-element-597aa2f\" data-id=\"597aa2f\" data-element_type=\"column\">\n\t\t\t<div class=\"elementor-column-wrap elementor-element-populated\">\n\t\t\t\t\t\t\t<div class=\"elementor-widget-wrap\">\n\t\t\t\t\t\t<div class=\"elementor-element elementor-element-2101fe6 elementor-widget elementor-widget-heading\" data-id=\"2101fe6\" data-element_type=\"widget\" data-widget_type=\"heading.default\">\n\t\t\t\t<div class=\"elementor-widget-container\">\n\t\t\t<h2 class=\"elementor-heading-title elementor-size-default\">Alte \u00eendrum\u0103ri<\/h2>\t\t<\/div>\n\t\t\t\t<\/div>\n\t\t\t\t<div class=\"elementor-element elementor-element-18feb55 elementor-widget elementor-widget-text-editor\" data-id=\"18feb55\" data-element_type=\"widget\" data-widget_type=\"text-editor.default\">\n\t\t\t\t<div class=\"elementor-widget-container\">\n\t\t\t\t\t\t\t\t<div class=\"elementor-text-editor elementor-clearfix\">\n\t\t\t\t\t<p>V\u0103 rug\u0103m s\u0103 respecta\u021bi urm\u0103toarele indica\u021bii:<\/p><ul><li>S\u0103 participa\u021bi la toate slujbele programate. Conform tradi\u021biei, b\u0103rba\u021bii stau \u00een partea dreapt\u0103 iar femeile stau \u00een partea st\u00e2ng\u0103.<\/li><li>S\u0103 respecta\u021bi intimitatea monahilor. \u00cen particular, sunt interzise fotografierea personalului monahal \u0219i convorbirile neadecvate cu ace\u0219tia.<\/li><li>S\u0103 nu vizita\u021bi casele monahale f\u0103r\u0103 binecuv\u00e2ntare explicit\u0103.<\/li><li>S\u0103 nu folosi\u021bi telefonul \u00een timpul slujbelor \u0219i meselor.<\/li><li>S\u0103 respecta\u021bi programul de lini\u0219te: 10pm\u20136am \u0219i 2pm\u20134pm.<\/li><li>S\u0103 anun\u021ba\u021bi dac\u0103 ave\u021bi alergii la m\u00e2ncare sau la alte substan\u021be.<\/li><li>S\u0103 nu fuma\u021bi \u0219i s\u0103 nu consuma\u021bi alte substan\u021be d\u0103un\u0103toare.<\/li><\/ul>\t\t\t\t\t<\/div>\n\t\t\t\t\t\t<\/div>\n\t\t\t\t<\/div>\n\t\t\t\t<div class=\"elementor-element elementor-element-88df645 elementor-widget-divider--view-line elementor-widget elementor-widget-divider\" data-id=\"88df645\" data-element_type=\"widget\" data-widget_type=\"divider.default\">\n\t\t\t\t<div class=\"elementor-widget-container\">\n\t\t\t\t\t<div class=\"elementor-divider\">\n\t\t\t<span class=\"elementor-divider-separator\">\n\t\t\t\t\t\t<\/span>\n\t\t<\/div>\n\t\t\t\t<\/div>\n\t\t\t\t<\/div>\n\t\t\t\t\t\t<\/div>\n\t\t\t\t\t<\/div>\n\t\t<\/div>\n\t\t\t\t\t\t\t\t<\/div>\n\t\t\t\t\t<\/div>\n\t\t<\/section>\n\t\t\t\t<section class=\"elementor-section elementor-top-section elementor-element elementor-element-63dbd6a elementor-section-boxed elementor-section-height-default elementor-section-height-default\" data-id=\"63dbd6a\" data-element_type=\"section\">\n\t\t\t\t\t\t<div class=\"elementor-container elementor-column-gap-default\">\n\t\t\t\t\t\t\t<div class=\"elementor-row\">\n\t\t\t\t\t<div class=\"elementor-column elementor-col-100 elementor-top-column elementor-element elementor-element-615bea1\" data-id=\"615bea1\" data-element_type=\"column\">\n\t\t\t<div class=\"elementor-column-wrap elementor-element-populated\">\n\t\t\t\t\t\t\t<div class=\"elementor-widget-wrap\">\n\t\t\t\t\t\t<div class=\"elementor-element elementor-element-4a7a3a5 elementor-widget elementor-widget-text-editor\" data-id=\"4a7a3a5\" data-element_type=\"widget\" data-widget_type=\"text-editor.default\">\n\t\t\t\t<div class=\"elementor-widget-container\">\n\t\t\t\t\t\t\t\t<div class=\"elementor-text-editor elementor-clearfix\">\n\t\t\t\t\t<p>V\u0103 mul\u021bumim pentru \u00een\u021belegerea \u0219i respectarea acestor r\u00e2nduieli m\u0103n\u0103stire\u0219ti. Rug\u0103m pe Domnul s\u0103 v\u0103 binecuvinteze, iar Maica Domnului \u0219i Sfin\u021bii no\u0219tri ocrotitori, Sf\u00e2ntul Dimitrie cel Nou, Sf\u00e2ntul Vasile cel Mare \u0219i Sf\u00e2ntul Iacob Putneanul, s\u0103 v\u0103 p\u0103zeasc\u0103 \u00eentotdeauna.<\/p><p style=\"text-align: center;\">PACE CELOR CARE VIN<br \/>BUCURIE CELOR CARE R\u0102M\u00c2N<br \/>BINECUV\u00c2NTARE CELOR CARE PLEAC\u0102<\/p>\t\t\t\t\t<\/div>\n\t\t\t\t\t\t<\/div>\n\t\t\t\t<\/div>\n\t\t\t\t\t\t<\/div>\n\t\t\t\t\t<\/div>\n\t\t<\/div>\n\t\t\t\t\t\t\t\t<\/div>\n\t\t\t\t\t<\/div>\n\t\t<\/section>\n\t\t\t\t\t\t<\/div>\n\t\t\t\t\t\t<\/div>\n\t\t\t\t\t<\/div>","protected":false},"excerpt":{"rendered":"<p>Welcome Welcome to our home. A monastery is a holy place where monastics live in prayer and obedience. We come here to reflect, pray, and draw closer to God. Therefore, we kindly ask that you respect and contribute to the peaceful and prayerful spirit of this holy place by following these guidelines. Planning a Visit [&hellip;]<\/p>","protected":false},"author":1,"featured_media":0,"parent":0,"menu_order":0,"comment_status":"closed","ping_status":"closed","template":"elementor_header_footer","meta":{"spay_email":"","footnotes":""},"class_list":["post-8959","page","type-page","status-publish","hentry","entry"],"_links":{"self":[{"href":"https:\/\/sfdumitru.org\/ro\/wp-json\/wp\/v2\/pages\/8959","targetHints":{"allow":["GET"]}}],"collection":[{"href":"https:\/\/sfdumitru.org\/ro\/wp-json\/wp\/v2\/pages"}],"about":[{"href":"https:\/\/sfdumitru.org\/ro\/wp-json\/wp\/v2\/types\/page"}],"author":[{"embeddable":true,"href":"https:\/\/sfdumitru.org\/ro\/wp-json\/wp\/v2\/users\/1"}],"replies":[{"embeddable":true,"href":"https:\/\/sfdumitru.org\/ro\/wp-json\/wp\/v2\/comments?post=8959"}],"version-history":[{"count":25,"href":"https:\/\/sfdumitru.org\/ro\/wp-json\/wp\/v2\/pages\/8959\/revisions"}],"predecessor-version":[{"id":8991,"href":"https:\/\/sfdumitru.org\/ro\/wp-json\/wp\/v2\/pages\/8959\/revisions\/8991"}],"wp:attachment":[{"href":"https:\/\/sfdumitru.org\/ro\/wp-json\/wp\/v2\/media?parent=8959"}],"curies":[{"name":"wp","href":"https:\/\/api.w.org\/{rel}","templated":true}]}}