{"id":844,"date":"2021-02-09T06:19:20","date_gmt":"2021-02-09T06:19:20","guid":{"rendered":"https:\/\/sfdumitru.org\/wordpress\/?page_id=844"},"modified":"2026-04-06T02:35:55","modified_gmt":"2026-04-06T02:35:55","slug":"liturgical-schedule","status":"publish","type":"page","link":"https:\/\/sfdumitru.org\/ro\/liturgical-schedule\/","title":{"rendered":"Program liturgic"},"content":{"rendered":"<div data-elementor-type=\"wp-page\" data-elementor-id=\"844\" class=\"elementor elementor-844\" data-elementor-settings=\"[]\">\n\t\t\t\t\t\t<div class=\"elementor-inner\">\n\t\t\t\t\t\t\t<div class=\"elementor-section-wrap\">\n\t\t\t\t\t\t\t<section class=\"elementor-section elementor-top-section elementor-element elementor-element-54b6e59 elementor-section-boxed elementor-section-height-default elementor-section-height-default\" data-id=\"54b6e59\" data-element_type=\"section\" data-no-translation=\"\">\n\t\t\t\t\t\t<div class=\"elementor-container elementor-column-gap-default\">\n\t\t\t\t\t\t\t<div class=\"elementor-row\">\n\t\t\t\t\t<div class=\"elementor-column elementor-col-100 elementor-top-column elementor-element elementor-element-3152a84\" data-id=\"3152a84\" data-element_type=\"column\">\n\t\t\t<div class=\"elementor-column-wrap elementor-element-populated\">\n\t\t\t\t\t\t\t<div class=\"elementor-widget-wrap\">\n\t\t\t\t\t\t<div class=\"elementor-element elementor-element-61e7053 elementor-widget elementor-widget-html\" data-id=\"61e7053\" data-element_type=\"widget\" data-widget_type=\"html.default\">\n\t\t\t\t<div class=\"elementor-widget-container\">\n\t\t\t<object data=\"https:\/\/sfdumitru.org\/wordpress\/wp-content\/uploads\/2026\/04\/program_pasti_2026_ROM.pdf\" type=\"application\/pdf\" style=\"min-height:50vh;width:100%\"\"> <\/object>\n\t\t<\/div>\n\t\t\t\t<\/div>\n\t\t\t\t\t\t<\/div>\n\t\t\t\t\t<\/div>\n\t\t<\/div>\n\t\t\t\t\t\t\t\t<\/div>\n\t\t\t\t\t<\/div>\n\t\t<\/section>\n\t\t\t\t<section class=\"elementor-section elementor-top-section elementor-element elementor-element-c02ce8c elementor-section-boxed elementor-section-height-default elementor-section-height-default\" data-id=\"c02ce8c\" data-element_type=\"section\">\n\t\t\t\t\t\t<div class=\"elementor-container elementor-column-gap-default\">\n\t\t\t\t\t\t\t<div class=\"elementor-row\">\n\t\t\t\t\t<div class=\"elementor-column elementor-col-100 elementor-top-column elementor-element elementor-element-8aa7b99\" data-id=\"8aa7b99\" data-element_type=\"column\">\n\t\t\t<div class=\"elementor-column-wrap elementor-element-populated\">\n\t\t\t\t\t\t\t<div class=\"elementor-widget-wrap\">\n\t\t\t\t\t\t<div class=\"elementor-element elementor-element-8f03dd8 elementor-widget elementor-widget-text-editor\" data-id=\"8f03dd8\" data-element_type=\"widget\" data-widget_type=\"text-editor.default\">\n\t\t\t\t<div class=\"elementor-widget-container\">\n\t\t\t\t\t\t\t\t<div class=\"elementor-text-editor elementor-clearfix\">\n\t\t\t\t\t<p>\u00cen general, slujbele \u00een m\u0103n\u0103stirea noastr\u0103 sunt dup\u0103 cum urmeaz\u0103:<\/p><p><strong>Luni p\u00e2n\u0103 vineri:<\/strong><em><br \/><\/em>6.00 \u2013 Utrenia<br \/>7.15 \u2013 Sf\u00e2nta Liturghie<br \/>18.00 \u2013 Vecernia \u0219i Acatist<br \/>20.00 \u2013 Pavecerni\u021ba Mic\u0103<\/p><p><strong>S\u00e2mb\u0103ta:<\/strong><em><br \/><\/em>8.00 \u2013 Utrenia<br \/>9.15 \u2013 Sf\u00e2nta Liturghie<br \/>11.00 \u2013 Taina Sf\u00e2ntului Maslu\u00a0<br \/>20.00 \u2013 Vecernia Mare<\/p><p><strong>\u00cen duminici \u0219i s\u0103rb\u0103tori cu cruce ro\u0219ie:<\/strong><em><br \/><\/em>9.00 \u2013 Utrenia<br \/>10.15 \u2013 Sf\u00e2nta Liturghie<br \/>18.00 \u2013 Vecernia \u0219i Paraclisul Maicii Domnului<\/p>\t\t\t\t\t<\/div>\n\t\t\t\t\t\t<\/div>\n\t\t\t\t<\/div>\n\t\t\t\t\t\t<\/div>\n\t\t\t\t\t<\/div>\n\t\t<\/div>\n\t\t\t\t\t\t\t\t<\/div>\n\t\t\t\t\t<\/div>\n\t\t<\/section>\n\t\t\t\t\t\t<\/div>\n\t\t\t\t\t\t<\/div>\n\t\t\t\t\t<\/div>","protected":false},"excerpt":{"rendered":"<p>In general, the church services in our monastery are as follows: Monday through Friday:6.00 \u2013 Matins7.15 \u2013 Divine Liturgy18.00 \u2013 Vespers and Akathist20.00 \u2013 Small Compline Saturdays:8.00 \u2013 Matins9.15 \u2013 Divine Liturgy11.00 \u2013 Holy Unction\u00a020.00 \u2013 Great Vespers Sundays and feasts marked with a red cross:9.00 \u2013 Matins10.15 \u2013 Divine Liturgy18.00 \u2013 Vespers and Paraklesis [&hellip;]<\/p>","protected":false},"author":1,"featured_media":0,"parent":0,"menu_order":0,"comment_status":"closed","ping_status":"closed","template":"","meta":{"spay_email":"","footnotes":""},"class_list":["post-844","page","type-page","status-publish","hentry","entry"],"_links":{"self":[{"href":"https:\/\/sfdumitru.org\/ro\/wp-json\/wp\/v2\/pages\/844","targetHints":{"allow":["GET"]}}],"collection":[{"href":"https:\/\/sfdumitru.org\/ro\/wp-json\/wp\/v2\/pages"}],"about":[{"href":"https:\/\/sfdumitru.org\/ro\/wp-json\/wp\/v2\/types\/page"}],"author":[{"embeddable":true,"href":"https:\/\/sfdumitru.org\/ro\/wp-json\/wp\/v2\/users\/1"}],"replies":[{"embeddable":true,"href":"https:\/\/sfdumitru.org\/ro\/wp-json\/wp\/v2\/comments?post=844"}],"version-history":[{"count":421,"href":"https:\/\/sfdumitru.org\/ro\/wp-json\/wp\/v2\/pages\/844\/revisions"}],"predecessor-version":[{"id":8953,"href":"https:\/\/sfdumitru.org\/ro\/wp-json\/wp\/v2\/pages\/844\/revisions\/8953"}],"wp:attachment":[{"href":"https:\/\/sfdumitru.org\/ro\/wp-json\/wp\/v2\/media?parent=844"}],"curies":[{"name":"wp","href":"https:\/\/api.w.org\/{rel}","templated":true}]}}