{"id":462,"date":"2021-01-23T22:19:33","date_gmt":"2021-01-23T22:19:33","guid":{"rendered":"https:\/\/sfdumitru.org\/wordpress\/?page_id=462"},"modified":"2025-07-19T02:34:01","modified_gmt":"2025-07-19T02:34:01","slug":"donate","status":"publish","type":"page","link":"https:\/\/sfdumitru.org\/ro\/donate\/","title":{"rendered":"Dona\u021bii"},"content":{"rendered":"<div data-elementor-type=\"wp-page\" data-elementor-id=\"462\" class=\"elementor elementor-462\" data-elementor-settings=\"[]\">\n\t\t\t\t\t\t<div class=\"elementor-inner\">\n\t\t\t\t\t\t\t<div class=\"elementor-section-wrap\">\n\t\t\t\t\t\t\t<section class=\"elementor-section elementor-top-section elementor-element elementor-element-8f0fc82 elementor-section-boxed elementor-section-height-default elementor-section-height-default\" data-id=\"8f0fc82\" data-element_type=\"section\">\n\t\t\t\t\t\t<div class=\"elementor-container elementor-column-gap-default\">\n\t\t\t\t\t\t\t<div class=\"elementor-row\">\n\t\t\t\t\t<div class=\"elementor-column elementor-col-100 elementor-top-column elementor-element elementor-element-15433a7\" data-id=\"15433a7\" data-element_type=\"column\">\n\t\t\t<div class=\"elementor-column-wrap elementor-element-populated\">\n\t\t\t\t\t\t\t<div class=\"elementor-widget-wrap\">\n\t\t\t\t\t\t<div class=\"elementor-element elementor-element-f0e1f87 elementor-widget elementor-widget-heading\" data-id=\"f0e1f87\" data-element_type=\"widget\" data-widget_type=\"heading.default\">\n\t\t\t\t<div class=\"elementor-widget-container\">\n\t\t\t<h2 class=\"elementor-heading-title elementor-size-default\">Dona\u021bii pentru Casa Nou\u0103<\/h2>\t\t<\/div>\n\t\t\t\t<\/div>\n\t\t\t\t<div class=\"elementor-element elementor-element-1d83710 elementor-widget elementor-widget-text-editor\" data-id=\"1d83710\" data-element_type=\"widget\" data-widget_type=\"text-editor.default\">\n\t\t\t\t<div class=\"elementor-widget-container\">\n\t\t\t\t\t\t\t\t<div class=\"elementor-text-editor elementor-clearfix\">\n\t\t\t\t\t<p style=\"text-align: left;\" class=\" translation-block\">Primim dona\u021bii prin cec, transfer bancar, ACH, Zelle<sup>\u00ae<\/sup>, sau PayPal. V\u0103 rug\u0103m s\u0103 accesa\u021bi <a href=\"https:\/\/sfdumitru.org\/new-house\/\" target=\"_self\">pagina \u201eCasa Nou\u0103\u201d<\/a> pentru mai multe detalii.<\/p>\t\t\t\t\t<\/div>\n\t\t\t\t\t\t<\/div>\n\t\t\t\t<\/div>\n\t\t\t\t<section class=\"elementor-section elementor-inner-section elementor-element elementor-element-c253ea7 elementor-section-boxed elementor-section-height-default elementor-section-height-default\" data-id=\"c253ea7\" data-element_type=\"section\">\n\t\t\t\t\t\t<div class=\"elementor-container elementor-column-gap-wide\">\n\t\t\t\t\t\t\t<div class=\"elementor-row\">\n\t\t\t\t\t<div class=\"elementor-column elementor-col-33 elementor-inner-column elementor-element elementor-element-760b890\" data-id=\"760b890\" data-element_type=\"column\">\n\t\t\t<div class=\"elementor-column-wrap elementor-element-populated\">\n\t\t\t\t\t\t\t<div class=\"elementor-widget-wrap\">\n\t\t\t\t\t\t<div class=\"elementor-element elementor-element-74fcc61 elementor-widget elementor-widget-image\" data-id=\"74fcc61\" data-element_type=\"widget\" data-widget_type=\"image.default\">\n\t\t\t\t<div class=\"elementor-widget-container\">\n\t\t\t\t\t\t\t\t<div class=\"elementor-image\">\n\t\t\t\t\t\t\t\t\t\t\t\t\t<a href=\"https:\/\/sfdumitru.org\/wordpress\/wp-content\/uploads\/2025\/07\/zelle_casa.jpg\">\n\t\t\t\t\t\t\t<img decoding=\"async\" src=\"https:\/\/sfdumitru.org\/wordpress\/wp-content\/uploads\/elementor\/thumbs\/zelle_logo-r8ytv4gsvemcwhbeo1yzrs0xgdaj0gyk5zooaiarqg.png\" title=\"zelle_logo\" alt=\"zelle_logo\" \/>\t\t\t\t\t\t\t\t<\/a>\n\t\t\t\t\t\t\t\t\t\t\t\t\t\t<\/div>\n\t\t\t\t\t\t<\/div>\n\t\t\t\t<\/div>\n\t\t\t\t\t\t<\/div>\n\t\t\t\t\t<\/div>\n\t\t<\/div>\n\t\t\t\t<div class=\"elementor-column elementor-col-33 elementor-inner-column elementor-element elementor-element-32a410a\" data-id=\"32a410a\" data-element_type=\"column\">\n\t\t\t<div class=\"elementor-column-wrap elementor-element-populated\">\n\t\t\t\t\t\t\t<div class=\"elementor-widget-wrap\">\n\t\t\t\t\t\t<div class=\"elementor-element elementor-element-f06fee7 elementor-widget elementor-widget-html\" data-id=\"f06fee7\" data-element_type=\"widget\" data-widget_type=\"html.default\">\n\t\t\t\t<div class=\"elementor-widget-container\">\n\t\t\t<div style=\"text-align: center;\">\r\n<style>.pp-876WJMP3SRVWG {\r\n    text-align:center;\r\n    border:none;\r\n    border-radius:2rem;\r\n    min-width:20rem;\r\n    padding:0.2rem;\r\n    height:4rem;\r\n    font-weight:normal;\r\n    background-color:#FFD140;\r\n    color:#000000;\r\n    font-family:inherit;\r\n    font-size:1px;\r\n    line-height:1.25rem;\r\n    cursor:pointer;\r\n    margin-left: auto;\r\n    margin-right: auto;\r\n}<\/style>\r\n<form action=\"https:\/\/www.paypal.com\/ncp\/payment\/876WJMP3SRVWG\" method=\"post\" target=\"_blank\" style=\"display:inline-grid;justify-items:center;align-content:start;gap:0.5rem;margin:0 auto;\" data-trp-original-action=\"https:\/\/www.paypal.com\/ncp\/payment\/876WJMP3SRVWG\">\r\n  <input class=\"pp-876WJMP3SRVWG\" type=\"submit\" value=\"Doneaz\u0103 cu PayPal\" \/>\r\n  <img src=\"https:\/\/www.paypalobjects.com\/images\/Debit_Credit_APM.svg\" alt=\"cards\" \/>\r\n  <section> Powered by <img decoding=\"async\" src=\"https:\/\/www.paypalobjects.com\/paypal-ui\/logos\/svg\/paypal-wordmark-color.svg\" alt=\"paypal\" style=\"height:0.875rem;vertical-align:middle;\"\/><\/section>\r\n<input type=\"hidden\" name=\"trp-form-language\" value=\"ro\"\/><\/form>\r\n<\/div>\t\t<\/div>\n\t\t\t\t<\/div>\n\t\t\t\t\t\t<\/div>\n\t\t\t\t\t<\/div>\n\t\t<\/div>\n\t\t\t\t<div class=\"elementor-column elementor-col-33 elementor-inner-column elementor-element elementor-element-e1679fb\" data-id=\"e1679fb\" data-element_type=\"column\">\n\t\t\t<div class=\"elementor-column-wrap\">\n\t\t\t\t\t\t\t<div class=\"elementor-widget-wrap\">\n\t\t\t\t\t\t\t\t<\/div>\n\t\t\t\t\t<\/div>\n\t\t<\/div>\n\t\t\t\t\t\t\t\t<\/div>\n\t\t\t\t\t<\/div>\n\t\t<\/section>\n\t\t\t\t\t\t<\/div>\n\t\t\t\t\t<\/div>\n\t\t<\/div>\n\t\t\t\t\t\t\t\t<\/div>\n\t\t\t\t\t<\/div>\n\t\t<\/section>\n\t\t\t\t<section class=\"elementor-section elementor-top-section elementor-element elementor-element-b5e51f8 elementor-section-boxed elementor-section-height-default elementor-section-height-default\" data-id=\"b5e51f8\" data-element_type=\"section\">\n\t\t\t\t\t\t<div class=\"elementor-container elementor-column-gap-default\">\n\t\t\t\t\t\t\t<div class=\"elementor-row\">\n\t\t\t\t\t<div class=\"elementor-column elementor-col-100 elementor-top-column elementor-element elementor-element-4853d80\" data-id=\"4853d80\" data-element_type=\"column\">\n\t\t\t<div class=\"elementor-column-wrap elementor-element-populated\">\n\t\t\t\t\t\t\t<div class=\"elementor-widget-wrap\">\n\t\t\t\t\t\t<div class=\"elementor-element elementor-element-b178efb elementor-widget elementor-widget-heading\" data-id=\"b178efb\" data-element_type=\"widget\" data-widget_type=\"heading.default\">\n\t\t\t\t<div class=\"elementor-widget-container\">\n\t\t\t<h2 class=\"elementor-heading-title elementor-size-default\">Dona\u021bii Generale<\/h2>\t\t<\/div>\n\t\t\t\t<\/div>\n\t\t\t\t<section class=\"elementor-section elementor-inner-section elementor-element elementor-element-8f21e86 elementor-section-boxed elementor-section-height-default elementor-section-height-default\" data-id=\"8f21e86\" data-element_type=\"section\">\n\t\t\t\t\t\t<div class=\"elementor-container elementor-column-gap-no\">\n\t\t\t\t\t\t\t<div class=\"elementor-row\">\n\t\t\t\t\t<div class=\"elementor-column elementor-col-33 elementor-inner-column elementor-element elementor-element-36cd000\" data-id=\"36cd000\" data-element_type=\"column\">\n\t\t\t<div class=\"elementor-column-wrap elementor-element-populated\">\n\t\t\t\t\t\t\t<div class=\"elementor-widget-wrap\">\n\t\t\t\t\t\t<div class=\"elementor-element elementor-element-3340437 elementor-widget elementor-widget-text-editor\" data-id=\"3340437\" data-element_type=\"widget\" data-widget_type=\"text-editor.default\">\n\t\t\t\t<div class=\"elementor-widget-container\">\n\t\t\t\t\t\t\t\t<div class=\"elementor-text-editor elementor-clearfix\">\n\t\t\t\t\t<p class=\" translation-block\">V\u0103 rug\u0103m s\u0103 scrie\u021bi <strong>cecurile<\/strong> pe numele \u201eSf. Dumitru Romanian Monastery and Camp\u201d \u0219i s\u0103 le trimite\u021bi prin po\u0219t\u0103 la adresa urm\u0103toare:<\/p><p>Sf. Dumitru Romanian Monastery and Camp<br \/>1572 Mountain Rd., Middletown, NY 10940<\/p>\t\t\t\t\t<\/div>\n\t\t\t\t\t\t<\/div>\n\t\t\t\t<\/div>\n\t\t\t\t<div class=\"elementor-element elementor-element-6398e07 elementor-widget elementor-widget-spacer\" data-id=\"6398e07\" data-element_type=\"widget\" data-widget_type=\"spacer.default\">\n\t\t\t\t<div class=\"elementor-widget-container\">\n\t\t\t\t\t<div class=\"elementor-spacer\">\n\t\t\t<div class=\"elementor-spacer-inner\"><\/div>\n\t\t<\/div>\n\t\t\t\t<\/div>\n\t\t\t\t<\/div>\n\t\t\t\t\t\t<\/div>\n\t\t\t\t\t<\/div>\n\t\t<\/div>\n\t\t\t\t<div class=\"elementor-column elementor-col-33 elementor-inner-column elementor-element elementor-element-385db83\" data-id=\"385db83\" data-element_type=\"column\">\n\t\t\t<div class=\"elementor-column-wrap elementor-element-populated\">\n\t\t\t\t\t\t\t<div class=\"elementor-widget-wrap\">\n\t\t\t\t\t\t<div class=\"elementor-element elementor-element-45ff8d9 elementor-widget elementor-widget-text-editor\" data-id=\"45ff8d9\" data-element_type=\"widget\" data-widget_type=\"text-editor.default\">\n\t\t\t\t<div class=\"elementor-widget-container\">\n\t\t\t\t\t\t\t\t<div class=\"elementor-text-editor elementor-clearfix\">\n\t\t\t\t\t<p class=\" translation-block\">Pute\u021bi trimite dona\u021bii online cu <strong>Zelle<\/strong>, f\u0103r\u0103 taxe suplimentare sau comisioane. V\u0103 rug\u0103m s\u0103 trimite\u021bi dona\u021bia la <a href=\"https:\/\/sfdumitru.org\/wordpress\/wp-content\/uploads\/2025\/07\/zelle_contact.jpg\" target=\"_self\">contact@sfdumitru.org<\/a>:<\/p>\t\t\t\t\t<\/div>\n\t\t\t\t\t\t<\/div>\n\t\t\t\t<\/div>\n\t\t\t\t<div class=\"elementor-element elementor-element-b8e31b0 elementor-widget elementor-widget-image\" data-id=\"b8e31b0\" data-element_type=\"widget\" data-widget_type=\"image.default\">\n\t\t\t\t<div class=\"elementor-widget-container\">\n\t\t\t\t\t\t\t\t<div class=\"elementor-image\">\n\t\t\t\t\t\t\t\t\t\t\t\t\t<a href=\"https:\/\/sfdumitru.org\/wordpress\/wp-content\/uploads\/2025\/07\/zelle_contact.jpg\">\n\t\t\t\t\t\t\t<img decoding=\"async\" src=\"https:\/\/sfdumitru.org\/wordpress\/wp-content\/uploads\/elementor\/thumbs\/zelle_logo-r8ytv4gsvemcwhbeo1yzrs0xgdaj0gyk5zooaiarqg.png\" title=\"zelle_logo\" alt=\"zelle_logo\" \/>\t\t\t\t\t\t\t\t<\/a>\n\t\t\t\t\t\t\t\t\t\t\t\t\t\t<\/div>\n\t\t\t\t\t\t<\/div>\n\t\t\t\t<\/div>\n\t\t\t\t<div class=\"elementor-element elementor-element-617434a elementor-widget elementor-widget-spacer\" data-id=\"617434a\" data-element_type=\"widget\" data-widget_type=\"spacer.default\">\n\t\t\t\t<div class=\"elementor-widget-container\">\n\t\t\t\t\t<div class=\"elementor-spacer\">\n\t\t\t<div class=\"elementor-spacer-inner\"><\/div>\n\t\t<\/div>\n\t\t\t\t<\/div>\n\t\t\t\t<\/div>\n\t\t\t\t\t\t<\/div>\n\t\t\t\t\t<\/div>\n\t\t<\/div>\n\t\t\t\t<div class=\"elementor-column elementor-col-33 elementor-inner-column elementor-element elementor-element-4dd90de\" data-id=\"4dd90de\" data-element_type=\"column\">\n\t\t\t<div class=\"elementor-column-wrap elementor-element-populated\">\n\t\t\t\t\t\t\t<div class=\"elementor-widget-wrap\">\n\t\t\t\t\t\t<div class=\"elementor-element elementor-element-720316e elementor-widget elementor-widget-html\" data-id=\"720316e\" data-element_type=\"widget\" data-widget_type=\"html.default\">\n\t\t\t\t<div class=\"elementor-widget-container\">\n\t\t\t<p class=\" translation-block\">Pute\u021bi trimite dona\u021bii online \u0219i prin <strong>PayPal<\/strong>, cu un mic comision.<\/p>\r\n<div style=\"text-align: center;\">\r\n<form action=\"https:\/\/www.paypal.com\/donate\" method=\"post\" target=\"_top\" data-trp-original-action=\"https:\/\/www.paypal.com\/donate\">\r\n<input type=\"hidden\" name=\"hosted_button_id\" value=\"B53DJLZHBZQ8N\" \/>\r\n<input type=\"image\" src=\"https:\/\/www.pngall.com\/wp-content\/uploads\/2016\/05\/PayPal-Donate-Button-Transparent.png\" border=\"0\" name=\"submit\" title=\"PayPal - The safer, easier way to pay online!\" alt=\"Donate with PayPal button\" width=\"177\" height=\"82\" \/>\r\n<img loading=\"lazy\" decoding=\"async\" alt=\"\" border=\"0\" src=\"https:\/\/www.paypal.com\/en_US\/i\/scr\/pixel.gif\" width=\"1\" height=\"1\" \/>\r\n<input type=\"hidden\" name=\"trp-form-language\" value=\"ro\"\/><\/form>\r\n<\/div>\t\t<\/div>\n\t\t\t\t<\/div>\n\t\t\t\t<div class=\"elementor-element elementor-element-c91696e elementor-widget elementor-widget-spacer\" data-id=\"c91696e\" data-element_type=\"widget\" data-widget_type=\"spacer.default\">\n\t\t\t\t<div class=\"elementor-widget-container\">\n\t\t\t\t\t<div class=\"elementor-spacer\">\n\t\t\t<div class=\"elementor-spacer-inner\"><\/div>\n\t\t<\/div>\n\t\t\t\t<\/div>\n\t\t\t\t<\/div>\n\t\t\t\t\t\t<\/div>\n\t\t\t\t\t<\/div>\n\t\t<\/div>\n\t\t\t\t\t\t\t\t<\/div>\n\t\t\t\t\t<\/div>\n\t\t<\/section>\n\t\t\t\t\t\t<\/div>\n\t\t\t\t\t<\/div>\n\t\t<\/div>\n\t\t\t\t\t\t\t\t<\/div>\n\t\t\t\t\t<\/div>\n\t\t<\/section>\n\t\t\t\t\t\t<\/div>\n\t\t\t\t\t\t<\/div>\n\t\t\t\t\t<\/div>","protected":false},"excerpt":{"rendered":"<p>New House Donations We accept donations via check, wire transfer, ACH, Zelle\u00ae, or PayPal. Please visit the New House page for more details. Powered by General Donations Please make checks payable to &#8220;Sf. Dumitru Romanian Monastery and Camp&#8221; and mail them to the following address: Sf. Dumitru Romanian Monastery and Camp1572 Mountain Rd., Middletown, NY [&hellip;]<\/p>","protected":false},"author":1,"featured_media":0,"parent":0,"menu_order":0,"comment_status":"closed","ping_status":"closed","template":"elementor_header_footer","meta":{"spay_email":"","footnotes":""},"class_list":["post-462","page","type-page","status-publish","hentry","entry"],"_links":{"self":[{"href":"https:\/\/sfdumitru.org\/ro\/wp-json\/wp\/v2\/pages\/462","targetHints":{"allow":["GET"]}}],"collection":[{"href":"https:\/\/sfdumitru.org\/ro\/wp-json\/wp\/v2\/pages"}],"about":[{"href":"https:\/\/sfdumitru.org\/ro\/wp-json\/wp\/v2\/types\/page"}],"author":[{"embeddable":true,"href":"https:\/\/sfdumitru.org\/ro\/wp-json\/wp\/v2\/users\/1"}],"replies":[{"embeddable":true,"href":"https:\/\/sfdumitru.org\/ro\/wp-json\/wp\/v2\/comments?post=462"}],"version-history":[{"count":132,"href":"https:\/\/sfdumitru.org\/ro\/wp-json\/wp\/v2\/pages\/462\/revisions"}],"predecessor-version":[{"id":8141,"href":"https:\/\/sfdumitru.org\/ro\/wp-json\/wp\/v2\/pages\/462\/revisions\/8141"}],"wp:attachment":[{"href":"https:\/\/sfdumitru.org\/ro\/wp-json\/wp\/v2\/media?parent=462"}],"curies":[{"name":"wp","href":"https:\/\/api.w.org\/{rel}","templated":true}]}}