{"id":2707,"date":"2021-07-24T23:13:08","date_gmt":"2021-07-24T23:13:08","guid":{"rendered":"https:\/\/sfdumitru.org\/homepage\/"},"modified":"2025-08-06T19:31:06","modified_gmt":"2025-08-06T19:31:06","slug":"pangar","status":"publish","type":"page","link":"https:\/\/sfdumitru.org\/ro\/pangar\/","title":{"rendered":"Pangar"},"content":{"rendered":"<div data-elementor-type=\"wp-page\" data-elementor-id=\"2707\" class=\"elementor elementor-2707\" data-elementor-settings=\"[]\">\n\t\t\t\t\t\t<div class=\"elementor-inner\">\n\t\t\t\t\t\t\t<div class=\"elementor-section-wrap\">\n\t\t\t\t\t\t\t<section class=\"elementor-section elementor-top-section elementor-element elementor-element-639d9cb elementor-section-boxed elementor-section-height-default elementor-section-height-default\" data-id=\"639d9cb\" data-element_type=\"section\">\n\t\t\t\t\t\t<div class=\"elementor-container elementor-column-gap-default\">\n\t\t\t\t\t\t\t<div class=\"elementor-row\">\n\t\t\t\t\t<div class=\"elementor-column elementor-col-100 elementor-top-column elementor-element elementor-element-087be17\" data-id=\"087be17\" data-element_type=\"column\">\n\t\t\t<div class=\"elementor-column-wrap elementor-element-populated\">\n\t\t\t\t\t\t\t<div class=\"elementor-widget-wrap\">\n\t\t\t\t\t\t<div class=\"elementor-element elementor-element-a8395b8 elementor-widget elementor-widget-text-editor\" data-id=\"a8395b8\" data-element_type=\"widget\" data-widget_type=\"text-editor.default\">\n\t\t\t\t<div class=\"elementor-widget-container\">\n\t\t\t\t\t\t\t\t<div class=\"elementor-text-editor elementor-clearfix\">\n\t\t\t\t\t<p class=\" translation-block\">Cu binecuv\u00e2ntarea \u00cenaltpreasfin\u021bitului P\u0103rinte Nicolae, m\u0103n\u0103stirea noastr\u0103 vinde <a href=\"#icons\" target=\"_self\">icoane<\/a> \u0219i <a href=\"#candles\" target=\"_self\">lum\u00e2n\u0103ri<\/a>. Pute\u021bi g\u0103si mai multe detalii despre acestea mai jos. Pute\u021bi depune o comand\u0103 fie prin completarea <a href=\"#pangar-form\" target=\"_self\">formularului<\/a> la sf\u00e2r\u0219itul acestei pagini, fie prin trimiterea unui email pe adresa m\u0103n\u0103stirii (contact@sfdumitru.org).<\/p>\t\t\t\t\t<\/div>\n\t\t\t\t\t\t<\/div>\n\t\t\t\t<\/div>\n\t\t\t\t<div class=\"elementor-element elementor-element-6263a77 elementor-widget elementor-widget-menu-anchor\" data-id=\"6263a77\" data-element_type=\"widget\" data-widget_type=\"menu-anchor.default\">\n\t\t\t\t<div class=\"elementor-widget-container\">\n\t\t\t\t\t<div id=\"icons\" class=\"elementor-menu-anchor\"><\/div>\n\t\t\t\t<\/div>\n\t\t\t\t<\/div>\n\t\t\t\t<div class=\"elementor-element elementor-element-a31c600 elementor-widget elementor-widget-text-editor\" data-id=\"a31c600\" data-element_type=\"widget\" data-widget_type=\"text-editor.default\">\n\t\t\t\t<div class=\"elementor-widget-container\">\n\t\t\t\t\t\t\t\t<div class=\"elementor-text-editor elementor-clearfix\">\n\t\t\t\t\t<p><strong>Icoane<\/strong><\/p><p>\u00cen m\u0103n\u0103stirea noastr\u0103 se aplic\u0103 icoane pe lemn. Fiecare icoan\u0103 are 12\" \u00een\u0103l\u021bime \u0219i 9\" l\u0103\u021bime. \u00cen momentul de fa\u021b\u0103, urm\u0103toarele modele sunt disponibile:<\/p><ul><li>Domnul nostru Iisus Hristos<\/li><li>Preasf\u00e2nta N\u0103sc\u0103toare de Dumnezeu<\/li><li>Sf. Dimitrie Basarabov<\/li><li>Sf. Ioan Maximovici<\/li><li>Sf. Parascheva de la Ia\u0219i<\/li><li>Sf. Paisie Aghioritul<\/li><li>Sf. Porfirie Kavsokalivitul<\/li><li>Sf. Serafim de Sarov<\/li><li>Sf. Dimitrie, Izvor\u00e2torul de mir<\/li><li>Sf. Gheorge, Purt\u0103torul de biruin\u021b\u0103<\/li><li>Sf. Mina<\/li><li>Sf. Pantelimon<\/li><li>Sf. Vasile cel Mare<\/li><li>Sf. Nicolae<\/li><li>Sf. Constantin \u0219i Elena<\/li><\/ul><p>Pre\u021buri: lac \u2013 $30; epoxy \u2013 $40<\/p>\t\t\t\t\t<\/div>\n\t\t\t\t\t\t<\/div>\n\t\t\t\t<\/div>\n\t\t\t\t<div class=\"elementor-element elementor-element-ca4da3b elementor-widget elementor-widget-menu-anchor\" data-id=\"ca4da3b\" data-element_type=\"widget\" data-widget_type=\"menu-anchor.default\">\n\t\t\t\t<div class=\"elementor-widget-container\">\n\t\t\t\t\t<div id=\"candles\" class=\"elementor-menu-anchor\"><\/div>\n\t\t\t\t<\/div>\n\t\t\t\t<\/div>\n\t\t\t\t<div class=\"elementor-element elementor-element-de11e5a elementor-widget elementor-widget-text-editor\" data-id=\"de11e5a\" data-element_type=\"widget\" data-widget_type=\"text-editor.default\">\n\t\t\t\t<div class=\"elementor-widget-container\">\n\t\t\t\t\t\t\t\t<div class=\"elementor-text-editor elementor-clearfix\">\n\t\t\t\t\t<p><strong>Lum\u00e2n\u0103ri de cear\u0103 curat\u0103<\/strong><\/p><p>\u00cen m\u0103n\u0103stirea noastr\u0103 se fac \u0219i lum\u00e2n\u0103ri de cear\u0103 curat\u0103, spre \u00eempodobirea rug\u0103ciunii fiec\u0103rui cre\u0219tin. O lum\u00e2nare de cear\u0103 curat\u0103 care arde la rug\u0103ciunea particular\u0103 sau la biseric\u0103 este o jertf\u0103 binepl\u0103cut\u0103 lui Dumnezeu.<\/p><p>M\u0103rimi disponibile:<\/p><ul><li>mici: 11\u201d \u00een\u0103l\u021bime, 1\/4\u2033 diametru la baz\u0103<\/li><li>mijlocii: 15\u201d \u00een\u0103l\u021bime, 1\/2\u2033 diametru la baz\u0103<\/li><li>mari: 15\u201d \u00een\u0103l\u021bime, 5\/8\u2033 diametru la baz\u0103<\/li><li>custom (pentru comenzi mari)<\/li><\/ul><p>Pre\u021buri: $15 pe pound<\/p>\t\t\t\t\t<\/div>\n\t\t\t\t\t\t<\/div>\n\t\t\t\t<\/div>\n\t\t\t\t\t\t<\/div>\n\t\t\t\t\t<\/div>\n\t\t<\/div>\n\t\t\t\t\t\t\t\t<\/div>\n\t\t\t\t\t<\/div>\n\t\t<\/section>\n\t\t\t\t<section class=\"elementor-section elementor-top-section elementor-element elementor-element-8eac527 elementor-section-boxed elementor-section-height-default elementor-section-height-default\" data-id=\"8eac527\" data-element_type=\"section\">\n\t\t\t\t\t\t<div class=\"elementor-container elementor-column-gap-default\">\n\t\t\t\t\t\t\t<div class=\"elementor-row\">\n\t\t\t\t\t<div class=\"elementor-column elementor-col-100 elementor-top-column elementor-element elementor-element-fca5c1a\" data-id=\"fca5c1a\" data-element_type=\"column\">\n\t\t\t<div class=\"elementor-column-wrap elementor-element-populated\">\n\t\t\t\t\t\t\t<div class=\"elementor-widget-wrap\">\n\t\t\t\t\t\t<div class=\"elementor-element elementor-element-e149bf1 elementor-widget elementor-widget-menu-anchor\" data-id=\"e149bf1\" data-element_type=\"widget\" data-widget_type=\"menu-anchor.default\">\n\t\t\t\t<div class=\"elementor-widget-container\">\n\t\t\t\t\t<div id=\"pangar-form\" class=\"elementor-menu-anchor\"><\/div>\n\t\t\t\t<\/div>\n\t\t\t\t<\/div>\n\t\t\t\t<div class=\"elementor-element elementor-element-d77c812 elementor-widget elementor-widget-text-editor\" data-id=\"d77c812\" data-element_type=\"widget\" data-widget_type=\"text-editor.default\">\n\t\t\t\t<div class=\"elementor-widget-container\">\n\t\t\t\t\t\t\t\t<div class=\"elementor-text-editor elementor-clearfix\">\n\t\t\t\t\t<p><strong>Depune\u021bi coman\u0111a dvs.<\/strong><\/p>\t\t\t\t\t<\/div>\n\t\t\t\t\t\t<\/div>\n\t\t\t\t<\/div>\n\t\t\t\t<div class=\"elementor-element elementor-element-eadb9d3 elementor-widget elementor-widget-wpforms\" data-id=\"eadb9d3\" data-element_type=\"widget\" data-widget_type=\"wpforms.default\">\n\t\t\t\t<div class=\"elementor-widget-container\">\n\t\t\t<div class=\"wpforms-container wpforms-container-full\" id=\"wpforms-3417\"><form id=\"wpforms-form-3417\" class=\"wpforms-validate wpforms-form\" data-formid=\"3417\" method=\"post\" enctype=\"multipart\/form-data\" action=\"\/ro\/wp-json\/wp\/v2\/pages\/2707\" data-token=\"6c49925af22dd75845454b81e952bead\" data-trp-original-action=\"\/ro\/wp-json\/wp\/v2\/pages\/2707\"><noscript class=\"wpforms-error-noscript\">Please enable JavaScript in your browser to complete this form.<\/noscript><div class=\"wpforms-field-container\"><div id=\"wpforms-3417-field_1-container\" class=\"wpforms-field wpforms-field-name\" data-field-id=\"1\"><label class=\"wpforms-field-label\" for=\"wpforms-3417-field_1\">Nume <span class=\"wpforms-required-label\">*<\/span><\/label><input type=\"text\" id=\"wpforms-3417-field_1\" class=\"wpforms-field-medium wpforms-field-required\" name=\"wpforms[fields][1]\" required><\/div><div id=\"wpforms-3417-field_2-container\" class=\"wpforms-field wpforms-field-email\" data-field-id=\"2\"><label class=\"wpforms-field-label\" for=\"wpforms-3417-field_2\">Email <span class=\"wpforms-required-label\">*<\/span><\/label><input type=\"email\" id=\"wpforms-3417-field_2\" class=\"wpforms-field-medium wpforms-field-required\" name=\"wpforms[fields][2]\" spellcheck=\"false\" required><\/div><div id=\"wpforms-3417-field_7-container\" class=\"wpforms-field wpforms-field-number\" data-field-id=\"7\"><label class=\"wpforms-field-label\" for=\"wpforms-3417-field_7\">Num\u0103r de telefon<\/label><input type=\"number\" pattern=\"\\d*\" id=\"wpforms-3417-field_7\" class=\"wpforms-field-medium\" name=\"wpforms[fields][7]\" ><\/div><div id=\"wpforms-3417-field_6-container\" class=\"wpforms-field wpforms-field-textarea\" data-field-id=\"6\"><label class=\"wpforms-field-label\" for=\"wpforms-3417-field_6\">Comand\u0103 <span class=\"wpforms-required-label\">*<\/span><\/label><textarea id=\"wpforms-3417-field_6\" class=\"wpforms-field-medium wpforms-field-required\" name=\"wpforms[fields][6]\" required><\/textarea><div class=\"wpforms-field-description\">V\u0103 rug\u0103m s\u0103 specifica\u021bi comanda dvs aici, \u0219i vom lua leg\u0103tur\u0103 cu dvs.<\/div><\/div><\/div><!-- .wpforms-field-container --><div class=\"wpforms-submit-container\" ><input type=\"hidden\" name=\"wpforms[id]\" value=\"3417\"><input type=\"hidden\" name=\"wpforms[author]\" value=\"1\"><button type=\"submit\" name=\"wpforms[submit]\" id=\"wpforms-submit-3417\" class=\"wpforms-submit\" data-alt-text=\"Sending...\" data-submit-text=\"Submit\" aria-live=\"assertive\" value=\"wpforms-submit\">Submit<\/button><\/div><input type=\"hidden\" name=\"trp-form-language\" value=\"ro\"\/><\/form><\/div>  <!-- .wpforms-container -->\t\t<\/div>\n\t\t\t\t<\/div>\n\t\t\t\t\t\t<\/div>\n\t\t\t\t\t<\/div>\n\t\t<\/div>\n\t\t\t\t\t\t\t\t<\/div>\n\t\t\t\t\t<\/div>\n\t\t<\/section>\n\t\t\t\t\t\t<\/div>\n\t\t\t\t\t\t<\/div>\n\t\t\t\t\t<\/div>","protected":false},"excerpt":{"rendered":"<p>With the blessing of His Eminence Metropolitan Nicolae, our monastery sells icons and candles. Please see below for more details about these products. You can submit an order either by filling out the form at the bottom of this page or by sending us an email (contact@sfdumitru.org). Icons Printed icons are mounted to wood in [&hellip;]<\/p>","protected":false},"author":1,"featured_media":0,"parent":0,"menu_order":0,"comment_status":"closed","ping_status":"closed","template":"","meta":{"spay_email":"","footnotes":""},"class_list":["post-2707","page","type-page","status-publish","hentry","entry"],"_links":{"self":[{"href":"https:\/\/sfdumitru.org\/ro\/wp-json\/wp\/v2\/pages\/2707","targetHints":{"allow":["GET"]}}],"collection":[{"href":"https:\/\/sfdumitru.org\/ro\/wp-json\/wp\/v2\/pages"}],"about":[{"href":"https:\/\/sfdumitru.org\/ro\/wp-json\/wp\/v2\/types\/page"}],"author":[{"embeddable":true,"href":"https:\/\/sfdumitru.org\/ro\/wp-json\/wp\/v2\/users\/1"}],"replies":[{"embeddable":true,"href":"https:\/\/sfdumitru.org\/ro\/wp-json\/wp\/v2\/comments?post=2707"}],"version-history":[{"count":39,"href":"https:\/\/sfdumitru.org\/ro\/wp-json\/wp\/v2\/pages\/2707\/revisions"}],"predecessor-version":[{"id":8204,"href":"https:\/\/sfdumitru.org\/ro\/wp-json\/wp\/v2\/pages\/2707\/revisions\/8204"}],"wp:attachment":[{"href":"https:\/\/sfdumitru.org\/ro\/wp-json\/wp\/v2\/media?parent=2707"}],"curies":[{"name":"wp","href":"https:\/\/api.w.org\/{rel}","templated":true}]}}